{"id":51,"date":"2021-10-29T13:55:19","date_gmt":"2021-10-29T13:55:19","guid":{"rendered":"https:\/\/kotirannantyovaentalo.fi\/?page_id=51"},"modified":"2026-02-23T08:31:25","modified_gmt":"2026-02-23T06:31:25","slug":"yhteystiedot","status":"publish","type":"page","link":"https:\/\/kotirannantyovaentalo.fi\/index.php\/yhteystiedot\/","title":{"rendered":"Yhteystiedot"},"content":{"rendered":"\n<p><strong>Vaasan Pioneerien Tuki ry<\/strong><br>Kustaalantie 82  65300 Vaasa<\/p>\n\n\n\n<p>Y tunnus&nbsp;0560524-4<br>Puh. 0503001644<br>S\u00e4hk\u00f6postit:<br>talonmies(at)kotirannantyovaentalo.fi<br>johtokunta(at)kotirannantyovaentalo.fi<\/p>\n\n\n\n<p>Hallitus<br><br>Puheenjohtaja Antti Haarala<br>Varapuheenjohtaja Pekka P\u00f6rsti<br>Talous Paula M\u00e4enp\u00e4\u00e4<br>Sihteeri Pentti Lehto<br>Erkki Hakala<br>Marja Leena\u00a0krushe<br>Arne M\u00e4enp\u00e4\u00e4<br>Seppo Rantaniemi<br><br>Varalla<br>Riitta Rantaniemi                                                                                                                                                       <br>Taina Inkeri Lehto<\/p>\n\n\n\n<p><\/p>\n\n\n\n<figure class=\"wp-block-image size-large\"><img data-recalc-dims=\"1\" loading=\"lazy\" decoding=\"async\" width=\"604\" height=\"403\" src=\"https:\/\/i0.wp.com\/kotirannantyovaentalo.fi\/wp-content\/uploads\/2021\/10\/Lokakuu-2017.jpg?resize=604%2C403&#038;ssl=1\" alt=\"\" class=\"wp-image-55\" srcset=\"https:\/\/i0.wp.com\/kotirannantyovaentalo.fi\/wp-content\/uploads\/2021\/10\/Lokakuu-2017-scaled.jpg?resize=1024%2C683&amp;ssl=1 1024w, https:\/\/i0.wp.com\/kotirannantyovaentalo.fi\/wp-content\/uploads\/2021\/10\/Lokakuu-2017-scaled.jpg?resize=300%2C200&amp;ssl=1 300w, https:\/\/i0.wp.com\/kotirannantyovaentalo.fi\/wp-content\/uploads\/2021\/10\/Lokakuu-2017-scaled.jpg?resize=768%2C512&amp;ssl=1 768w, https:\/\/i0.wp.com\/kotirannantyovaentalo.fi\/wp-content\/uploads\/2021\/10\/Lokakuu-2017-scaled.jpg?resize=1536%2C1024&amp;ssl=1 1536w, https:\/\/i0.wp.com\/kotirannantyovaentalo.fi\/wp-content\/uploads\/2021\/10\/Lokakuu-2017-scaled.jpg?resize=2048%2C1365&amp;ssl=1 2048w, https:\/\/i0.wp.com\/kotirannantyovaentalo.fi\/wp-content\/uploads\/2021\/10\/Lokakuu-2017-scaled.jpg?w=1208&amp;ssl=1 1208w, https:\/\/i0.wp.com\/kotirannantyovaentalo.fi\/wp-content\/uploads\/2021\/10\/Lokakuu-2017-scaled.jpg?w=1812&amp;ssl=1 1812w\" sizes=\"auto, (max-width: 604px) 100vw, 604px\" \/><\/figure>\n","protected":false},"excerpt":{"rendered":"<p>Vaasan Pioneerien Tuki ryKustaalantie 82 65300 Vaasa Y tunnus&nbsp;0560524-4Puh. 0503001644S\u00e4hk\u00f6postit:talonmies(at)kotirannantyovaentalo.fijohtokunta(at)kotirannantyovaentalo.fi Hallitus Puheenjohtaja Antti HaaralaVarapuheenjohtaja Pekka P\u00f6rstiTalous Paula M\u00e4enp\u00e4\u00e4Sihteeri Pentti LehtoErkki HakalaMarja Leena\u00a0krusheArne M\u00e4enp\u00e4\u00e4Seppo Rantaniemi VarallaRiitta Rantaniemi Taina Inkeri Lehto<\/p>\n","protected":false},"author":1,"featured_media":0,"parent":0,"menu_order":0,"comment_status":"closed","ping_status":"closed","template":"","meta":{"footnotes":""},"class_list":["post-51","page","type-page","status-publish","hentry"],"yoast_head":"<!-- This site is optimized with the Yoast SEO plugin v27.4 - https:\/\/yoast.com\/product\/yoast-seo-wordpress\/ -->\n<title>Yhteystiedot - Kotirannan Ty\u00f6v\u00e4entalo<\/title>\n<meta name=\"robots\" content=\"index, follow, max-snippet:-1, max-image-preview:large, max-video-preview:-1\" \/>\n<link rel=\"canonical\" href=\"https:\/\/kotirannantyovaentalo.fi\/index.php\/yhteystiedot\/\" \/>\n<meta property=\"og:locale\" content=\"fi_FI\" \/>\n<meta property=\"og:type\" content=\"article\" \/>\n<meta property=\"og:title\" content=\"Yhteystiedot - Kotirannan Ty\u00f6v\u00e4entalo\" \/>\n<meta property=\"og:description\" content=\"Vaasan Pioneerien Tuki ryKustaalantie 82 65300 Vaasa Y tunnus&nbsp;0560524-4Puh. 0503001644S\u00e4hk\u00f6postit:talonmies(at)kotirannantyovaentalo.fijohtokunta(at)kotirannantyovaentalo.fi Hallitus Puheenjohtaja Antti HaaralaVarapuheenjohtaja Pekka P\u00f6rstiTalous Paula M\u00e4enp\u00e4\u00e4Sihteeri Pentti LehtoErkki HakalaMarja Leena\u00a0krusheArne M\u00e4enp\u00e4\u00e4Seppo Rantaniemi VarallaRiitta Rantaniemi Taina Inkeri Lehto\" \/>\n<meta property=\"og:url\" content=\"https:\/\/kotirannantyovaentalo.fi\/index.php\/yhteystiedot\/\" \/>\n<meta property=\"og:site_name\" content=\"Kotirannan Ty\u00f6v\u00e4entalo\" \/>\n<meta property=\"article:modified_time\" content=\"2026-02-23T06:31:25+00:00\" \/>\n<meta property=\"og:image\" content=\"https:\/\/kotirannantyovaentalo.fi\/wp-content\/uploads\/2021\/10\/Lokakuu-2017-1024x683.jpg\" \/>\n<meta name=\"twitter:card\" content=\"summary_large_image\" \/>\n<meta name=\"twitter:label1\" content=\"Arvioitu lukuaika\" \/>\n\t<meta name=\"twitter:data1\" content=\"1 minuutti\" \/>\n<script type=\"application\/ld+json\" class=\"yoast-schema-graph\">{\"@context\":\"https:\\\/\\\/schema.org\",\"@graph\":[{\"@type\":\"WebPage\",\"@id\":\"https:\\\/\\\/kotirannantyovaentalo.fi\\\/index.php\\\/yhteystiedot\\\/\",\"url\":\"https:\\\/\\\/kotirannantyovaentalo.fi\\\/index.php\\\/yhteystiedot\\\/\",\"name\":\"Yhteystiedot - Kotirannan Ty\u00f6v\u00e4entalo\",\"isPartOf\":{\"@id\":\"https:\\\/\\\/kotirannantyovaentalo.fi\\\/#website\"},\"primaryImageOfPage\":{\"@id\":\"https:\\\/\\\/kotirannantyovaentalo.fi\\\/index.php\\\/yhteystiedot\\\/#primaryimage\"},\"image\":{\"@id\":\"https:\\\/\\\/kotirannantyovaentalo.fi\\\/index.php\\\/yhteystiedot\\\/#primaryimage\"},\"thumbnailUrl\":\"https:\\\/\\\/kotirannantyovaentalo.fi\\\/wp-content\\\/uploads\\\/2021\\\/10\\\/Lokakuu-2017-1024x683.jpg\",\"datePublished\":\"2021-10-29T13:55:19+00:00\",\"dateModified\":\"2026-02-23T06:31:25+00:00\",\"breadcrumb\":{\"@id\":\"https:\\\/\\\/kotirannantyovaentalo.fi\\\/index.php\\\/yhteystiedot\\\/#breadcrumb\"},\"inLanguage\":\"fi\",\"potentialAction\":[{\"@type\":\"ReadAction\",\"target\":[\"https:\\\/\\\/kotirannantyovaentalo.fi\\\/index.php\\\/yhteystiedot\\\/\"]}]},{\"@type\":\"ImageObject\",\"inLanguage\":\"fi\",\"@id\":\"https:\\\/\\\/kotirannantyovaentalo.fi\\\/index.php\\\/yhteystiedot\\\/#primaryimage\",\"url\":\"https:\\\/\\\/i0.wp.com\\\/kotirannantyovaentalo.fi\\\/wp-content\\\/uploads\\\/2021\\\/10\\\/Lokakuu-2017-scaled.jpg?fit=2560%2C1707&ssl=1\",\"contentUrl\":\"https:\\\/\\\/i0.wp.com\\\/kotirannantyovaentalo.fi\\\/wp-content\\\/uploads\\\/2021\\\/10\\\/Lokakuu-2017-scaled.jpg?fit=2560%2C1707&ssl=1\",\"width\":2560,\"height\":1707,\"caption\":\"kotirannanty\u00f6v\u00e4entalo\"},{\"@type\":\"BreadcrumbList\",\"@id\":\"https:\\\/\\\/kotirannantyovaentalo.fi\\\/index.php\\\/yhteystiedot\\\/#breadcrumb\",\"itemListElement\":[{\"@type\":\"ListItem\",\"position\":1,\"name\":\"Home\",\"item\":\"https:\\\/\\\/kotirannantyovaentalo.fi\\\/\"},{\"@type\":\"ListItem\",\"position\":2,\"name\":\"Yhteystiedot\"}]},{\"@type\":\"WebSite\",\"@id\":\"https:\\\/\\\/kotirannantyovaentalo.fi\\\/#website\",\"url\":\"https:\\\/\\\/kotirannantyovaentalo.fi\\\/\",\"name\":\"Kotirannan Ty\u00f6v\u00e4entalo\",\"description\":\"Vuodesta 1947\",\"potentialAction\":[{\"@type\":\"SearchAction\",\"target\":{\"@type\":\"EntryPoint\",\"urlTemplate\":\"https:\\\/\\\/kotirannantyovaentalo.fi\\\/?s={search_term_string}\"},\"query-input\":{\"@type\":\"PropertyValueSpecification\",\"valueRequired\":true,\"valueName\":\"search_term_string\"}}],\"inLanguage\":\"fi\"}]}<\/script>\n<!-- \/ Yoast SEO plugin. -->","yoast_head_json":{"title":"Yhteystiedot - Kotirannan Ty\u00f6v\u00e4entalo","robots":{"index":"index","follow":"follow","max-snippet":"max-snippet:-1","max-image-preview":"max-image-preview:large","max-video-preview":"max-video-preview:-1"},"canonical":"https:\/\/kotirannantyovaentalo.fi\/index.php\/yhteystiedot\/","og_locale":"fi_FI","og_type":"article","og_title":"Yhteystiedot - Kotirannan Ty\u00f6v\u00e4entalo","og_description":"Vaasan Pioneerien Tuki ryKustaalantie 82 65300 Vaasa Y tunnus&nbsp;0560524-4Puh. 0503001644S\u00e4hk\u00f6postit:talonmies(at)kotirannantyovaentalo.fijohtokunta(at)kotirannantyovaentalo.fi Hallitus Puheenjohtaja Antti HaaralaVarapuheenjohtaja Pekka P\u00f6rstiTalous Paula M\u00e4enp\u00e4\u00e4Sihteeri Pentti LehtoErkki HakalaMarja Leena\u00a0krusheArne M\u00e4enp\u00e4\u00e4Seppo Rantaniemi VarallaRiitta Rantaniemi Taina Inkeri Lehto","og_url":"https:\/\/kotirannantyovaentalo.fi\/index.php\/yhteystiedot\/","og_site_name":"Kotirannan Ty\u00f6v\u00e4entalo","article_modified_time":"2026-02-23T06:31:25+00:00","og_image":[{"url":"https:\/\/kotirannantyovaentalo.fi\/wp-content\/uploads\/2021\/10\/Lokakuu-2017-1024x683.jpg","type":"","width":"","height":""}],"twitter_card":"summary_large_image","twitter_misc":{"Arvioitu lukuaika":"1 minuutti"},"schema":{"@context":"https:\/\/schema.org","@graph":[{"@type":"WebPage","@id":"https:\/\/kotirannantyovaentalo.fi\/index.php\/yhteystiedot\/","url":"https:\/\/kotirannantyovaentalo.fi\/index.php\/yhteystiedot\/","name":"Yhteystiedot - Kotirannan Ty\u00f6v\u00e4entalo","isPartOf":{"@id":"https:\/\/kotirannantyovaentalo.fi\/#website"},"primaryImageOfPage":{"@id":"https:\/\/kotirannantyovaentalo.fi\/index.php\/yhteystiedot\/#primaryimage"},"image":{"@id":"https:\/\/kotirannantyovaentalo.fi\/index.php\/yhteystiedot\/#primaryimage"},"thumbnailUrl":"https:\/\/kotirannantyovaentalo.fi\/wp-content\/uploads\/2021\/10\/Lokakuu-2017-1024x683.jpg","datePublished":"2021-10-29T13:55:19+00:00","dateModified":"2026-02-23T06:31:25+00:00","breadcrumb":{"@id":"https:\/\/kotirannantyovaentalo.fi\/index.php\/yhteystiedot\/#breadcrumb"},"inLanguage":"fi","potentialAction":[{"@type":"ReadAction","target":["https:\/\/kotirannantyovaentalo.fi\/index.php\/yhteystiedot\/"]}]},{"@type":"ImageObject","inLanguage":"fi","@id":"https:\/\/kotirannantyovaentalo.fi\/index.php\/yhteystiedot\/#primaryimage","url":"https:\/\/i0.wp.com\/kotirannantyovaentalo.fi\/wp-content\/uploads\/2021\/10\/Lokakuu-2017-scaled.jpg?fit=2560%2C1707&ssl=1","contentUrl":"https:\/\/i0.wp.com\/kotirannantyovaentalo.fi\/wp-content\/uploads\/2021\/10\/Lokakuu-2017-scaled.jpg?fit=2560%2C1707&ssl=1","width":2560,"height":1707,"caption":"kotirannanty\u00f6v\u00e4entalo"},{"@type":"BreadcrumbList","@id":"https:\/\/kotirannantyovaentalo.fi\/index.php\/yhteystiedot\/#breadcrumb","itemListElement":[{"@type":"ListItem","position":1,"name":"Home","item":"https:\/\/kotirannantyovaentalo.fi\/"},{"@type":"ListItem","position":2,"name":"Yhteystiedot"}]},{"@type":"WebSite","@id":"https:\/\/kotirannantyovaentalo.fi\/#website","url":"https:\/\/kotirannantyovaentalo.fi\/","name":"Kotirannan Ty\u00f6v\u00e4entalo","description":"Vuodesta 1947","potentialAction":[{"@type":"SearchAction","target":{"@type":"EntryPoint","urlTemplate":"https:\/\/kotirannantyovaentalo.fi\/?s={search_term_string}"},"query-input":{"@type":"PropertyValueSpecification","valueRequired":true,"valueName":"search_term_string"}}],"inLanguage":"fi"}]}},"jetpack_sharing_enabled":true,"_links":{"self":[{"href":"https:\/\/kotirannantyovaentalo.fi\/index.php\/wp-json\/wp\/v2\/pages\/51","targetHints":{"allow":["GET"]}}],"collection":[{"href":"https:\/\/kotirannantyovaentalo.fi\/index.php\/wp-json\/wp\/v2\/pages"}],"about":[{"href":"https:\/\/kotirannantyovaentalo.fi\/index.php\/wp-json\/wp\/v2\/types\/page"}],"author":[{"embeddable":true,"href":"https:\/\/kotirannantyovaentalo.fi\/index.php\/wp-json\/wp\/v2\/users\/1"}],"replies":[{"embeddable":true,"href":"https:\/\/kotirannantyovaentalo.fi\/index.php\/wp-json\/wp\/v2\/comments?post=51"}],"version-history":[{"count":11,"href":"https:\/\/kotirannantyovaentalo.fi\/index.php\/wp-json\/wp\/v2\/pages\/51\/revisions"}],"predecessor-version":[{"id":235,"href":"https:\/\/kotirannantyovaentalo.fi\/index.php\/wp-json\/wp\/v2\/pages\/51\/revisions\/235"}],"wp:attachment":[{"href":"https:\/\/kotirannantyovaentalo.fi\/index.php\/wp-json\/wp\/v2\/media?parent=51"}],"curies":[{"name":"wp","href":"https:\/\/api.w.org\/{rel}","templated":true}]}}