{"id":20,"date":"2021-08-26T10:41:26","date_gmt":"2021-08-26T10:41:26","guid":{"rendered":"https:\/\/kotirannantyovaentalo.fi\/?page_id=20"},"modified":"2025-02-05T18:44:49","modified_gmt":"2025-02-05T16:44:49","slug":"hinnasto","status":"publish","type":"page","link":"https:\/\/kotirannantyovaentalo.fi\/index.php\/hinnasto\/","title":{"rendered":"Hinnasto"},"content":{"rendered":"\n<figure class=\"wp-block-table alignleft\"><table><tbody><tr><td><strong>Hinnat 1.4.2025 <\/strong>alkaen<\/td><td>Viikonloppu <br>pe klo 16 <strong>&#8211;<\/strong> su klo 16<\/td><td>Viikonloppu <br>vuorokausi<\/td><td>Arkisin<br>Max. 12 tuntia<\/td><td>Arkisin<br>Alle 6 tuntia<\/td><\/tr><tr><td>Sali, ravintola ja keitti\u00f6<\/td><td>495\u20ac<\/td><td>340\u20ac<\/td><td>215\u20ac<\/td><td>115\u20ac<\/td><\/tr><tr><td>Ravintola ja keitti\u00f6<\/td><td><\/td><td><\/td><td>125\u20ac<\/td><td>20\u20ac  alkava<br>tunti<\/td><\/tr><tr><td>Sauna max. 10 hl\u00f6<br>lis\u00e4henkil\u00f6ist\u00e4 8\u20ac<\/td><td><\/td><td><\/td><td><\/td><td>125\u20ac<\/td><\/tr><tr><td>Sauna + ravintola\/kerhohuone<br>neuvotellaan erikseen.<\/td><td><\/td><td><\/td><td><\/td><td><\/td><\/tr><tr><td>Kerhohuone max. 20 hl\u00f6<\/td><td><\/td><td><\/td><td>65\u20ac<\/td><td>45\u20ac<\/td><\/tr><tr><td>P\u00f6yt\u00e4liinat <br>vuokra a\u00b4 8,50\u20ac<\/td><td><\/td><td><\/td><td><\/td><td><\/td><\/tr><\/tbody><\/table><figcaption class=\"wp-element-caption\"><strong>N\u00e4ihin<\/strong> <strong>hintoihin asiakas luovuttaa tilat valmiiksi siistittyn\u00e4. J\u00e4lkisiivouksen voi ostaa my\u00f6s talolta, erikseen sopien.<\/strong><\/figcaption><\/figure>\n\n\n\n<ul class=\"wp-block-list\">\n<li><strong>Varaukset ovat sitovia.<\/strong><\/li>\n\n\n\n<li><strong>Vuokra maksetaan ennen vuokrattavan ajan alkamista.<\/strong><\/li>\n\n\n\n<li>Varauksen voi perua 24 vrk ennen varattua p\u00e4iv\u00e4\u00e4 maksutta.<\/li>\n\n\n\n<li>Peruutus alle 14 vrk ennen varattua p\u00e4iv\u00e4\u00e4, maksu 50% hinnasta.<\/li>\n\n\n\n<li>Peruutus alle 7 vrk on maksettava 100%<\/li>\n<\/ul>\n\n\n\n<p><strong>Talolla on tarjota<\/strong>:<br>P\u00f6yti\u00e4 23 kpl, tuoleja 140 kpl, sy\u00f6tt\u00f6tuoleja 3 kpl<br>2 isoa j\u00e4\u00e4kaappia, juomakylm\u00e4kaappi<br>Kahvinkeitin 2 kpl, vedenkeitin, termoskannuja<br>Astianpesukone, astiasto n. 100:lle henkil\u00f6lle<\/p>\n\n\n\n<p>Salissa 86&#8243; n\u00e4ytt\u00f6, \u00e4\u00e4nentoistolaitteet, talossa langaton netti S\u00e4hk\u00f6piano, <\/p>\n\n\n\n<p>Kahviossa 65&#8243; n\u00e4ytt\u00f6 kokous k\u00e4ytt\u00f6\u00f6n<\/p>\n\n\n\n<p>Kerhohuoneessa kaksi n\u00e4ytt\u00f6\u00e4 kokous k\u00e4ytt\u00f6\u00f6n<\/p>\n\n\n\n<p>Inva wc, invarampit Kustaalantien puoleisella ovella<\/p>\n\n\n\n<p><\/p>\n","protected":false},"excerpt":{"rendered":"<p>Hinnat 1.4.2025 alkaen Viikonloppu pe klo 16 &#8211; su klo 16 Viikonloppu vuorokausi ArkisinMax. 12 tuntia ArkisinAlle 6 tuntia Sali, ravintola ja keitti\u00f6 495\u20ac 340\u20ac 215\u20ac 115\u20ac Ravintola ja keitti\u00f6 125\u20ac 20\u20ac alkavatunti Sauna max. 10 hl\u00f6lis\u00e4henkil\u00f6ist\u00e4 8\u20ac 125\u20ac Sauna + ravintola\/kerhohuoneneuvotellaan erikseen. Kerhohuone max. 20 hl\u00f6 65\u20ac 45\u20ac P\u00f6yt\u00e4liinat vuokra a\u00b4 8,50\u20ac N\u00e4ihin hintoihin &hellip; <a href=\"https:\/\/kotirannantyovaentalo.fi\/index.php\/hinnasto\/\" class=\"more-link\">Jatka lukemista <span class=\"screen-reader-text\">Hinnasto<\/span> <span class=\"meta-nav\">&rarr;<\/span><\/a><\/p>\n","protected":false},"author":1,"featured_media":0,"parent":0,"menu_order":0,"comment_status":"closed","ping_status":"closed","template":"","meta":{"footnotes":""},"class_list":["post-20","page","type-page","status-publish","hentry"],"yoast_head":"<!-- This site is optimized with the Yoast SEO plugin v27.4 - https:\/\/yoast.com\/product\/yoast-seo-wordpress\/ -->\n<title>Hinnasto - Kotirannan Ty\u00f6v\u00e4entalo<\/title>\n<meta name=\"robots\" content=\"index, follow, max-snippet:-1, max-image-preview:large, max-video-preview:-1\" \/>\n<link rel=\"canonical\" href=\"https:\/\/kotirannantyovaentalo.fi\/index.php\/hinnasto\/\" \/>\n<meta property=\"og:locale\" content=\"fi_FI\" \/>\n<meta property=\"og:type\" content=\"article\" \/>\n<meta property=\"og:title\" content=\"Hinnasto - Kotirannan Ty\u00f6v\u00e4entalo\" \/>\n<meta property=\"og:description\" content=\"Hinnat 1.4.2025 alkaen Viikonloppu pe klo 16 &#8211; su klo 16 Viikonloppu vuorokausi ArkisinMax. 12 tuntia ArkisinAlle 6 tuntia Sali, ravintola ja keitti\u00f6 495\u20ac 340\u20ac 215\u20ac 115\u20ac Ravintola ja keitti\u00f6 125\u20ac 20\u20ac alkavatunti Sauna max. 10 hl\u00f6lis\u00e4henkil\u00f6ist\u00e4 8\u20ac 125\u20ac Sauna + ravintola\/kerhohuoneneuvotellaan erikseen. Kerhohuone max. 20 hl\u00f6 65\u20ac 45\u20ac P\u00f6yt\u00e4liinat vuokra a\u00b4 8,50\u20ac N\u00e4ihin hintoihin &hellip; Jatka lukemista Hinnasto &rarr;\" \/>\n<meta property=\"og:url\" content=\"https:\/\/kotirannantyovaentalo.fi\/index.php\/hinnasto\/\" \/>\n<meta property=\"og:site_name\" content=\"Kotirannan Ty\u00f6v\u00e4entalo\" \/>\n<meta property=\"article:modified_time\" content=\"2025-02-05T16:44:49+00:00\" \/>\n<meta name=\"twitter:card\" content=\"summary_large_image\" \/>\n<meta name=\"twitter:label1\" content=\"Arvioitu lukuaika\" \/>\n\t<meta name=\"twitter:data1\" content=\"1 minuutti\" \/>\n<script type=\"application\/ld+json\" class=\"yoast-schema-graph\">{\"@context\":\"https:\\\/\\\/schema.org\",\"@graph\":[{\"@type\":\"WebPage\",\"@id\":\"https:\\\/\\\/kotirannantyovaentalo.fi\\\/index.php\\\/hinnasto\\\/\",\"url\":\"https:\\\/\\\/kotirannantyovaentalo.fi\\\/index.php\\\/hinnasto\\\/\",\"name\":\"Hinnasto - Kotirannan Ty\u00f6v\u00e4entalo\",\"isPartOf\":{\"@id\":\"https:\\\/\\\/kotirannantyovaentalo.fi\\\/#website\"},\"datePublished\":\"2021-08-26T10:41:26+00:00\",\"dateModified\":\"2025-02-05T16:44:49+00:00\",\"breadcrumb\":{\"@id\":\"https:\\\/\\\/kotirannantyovaentalo.fi\\\/index.php\\\/hinnasto\\\/#breadcrumb\"},\"inLanguage\":\"fi\",\"potentialAction\":[{\"@type\":\"ReadAction\",\"target\":[\"https:\\\/\\\/kotirannantyovaentalo.fi\\\/index.php\\\/hinnasto\\\/\"]}]},{\"@type\":\"BreadcrumbList\",\"@id\":\"https:\\\/\\\/kotirannantyovaentalo.fi\\\/index.php\\\/hinnasto\\\/#breadcrumb\",\"itemListElement\":[{\"@type\":\"ListItem\",\"position\":1,\"name\":\"Home\",\"item\":\"https:\\\/\\\/kotirannantyovaentalo.fi\\\/\"},{\"@type\":\"ListItem\",\"position\":2,\"name\":\"Hinnasto\"}]},{\"@type\":\"WebSite\",\"@id\":\"https:\\\/\\\/kotirannantyovaentalo.fi\\\/#website\",\"url\":\"https:\\\/\\\/kotirannantyovaentalo.fi\\\/\",\"name\":\"Kotirannan Ty\u00f6v\u00e4entalo\",\"description\":\"Vuodesta 1947\",\"potentialAction\":[{\"@type\":\"SearchAction\",\"target\":{\"@type\":\"EntryPoint\",\"urlTemplate\":\"https:\\\/\\\/kotirannantyovaentalo.fi\\\/?s={search_term_string}\"},\"query-input\":{\"@type\":\"PropertyValueSpecification\",\"valueRequired\":true,\"valueName\":\"search_term_string\"}}],\"inLanguage\":\"fi\"}]}<\/script>\n<!-- \/ Yoast SEO plugin. -->","yoast_head_json":{"title":"Hinnasto - Kotirannan Ty\u00f6v\u00e4entalo","robots":{"index":"index","follow":"follow","max-snippet":"max-snippet:-1","max-image-preview":"max-image-preview:large","max-video-preview":"max-video-preview:-1"},"canonical":"https:\/\/kotirannantyovaentalo.fi\/index.php\/hinnasto\/","og_locale":"fi_FI","og_type":"article","og_title":"Hinnasto - Kotirannan Ty\u00f6v\u00e4entalo","og_description":"Hinnat 1.4.2025 alkaen Viikonloppu pe klo 16 &#8211; su klo 16 Viikonloppu vuorokausi ArkisinMax. 12 tuntia ArkisinAlle 6 tuntia Sali, ravintola ja keitti\u00f6 495\u20ac 340\u20ac 215\u20ac 115\u20ac Ravintola ja keitti\u00f6 125\u20ac 20\u20ac alkavatunti Sauna max. 10 hl\u00f6lis\u00e4henkil\u00f6ist\u00e4 8\u20ac 125\u20ac Sauna + ravintola\/kerhohuoneneuvotellaan erikseen. Kerhohuone max. 20 hl\u00f6 65\u20ac 45\u20ac P\u00f6yt\u00e4liinat vuokra a\u00b4 8,50\u20ac N\u00e4ihin hintoihin &hellip; Jatka lukemista Hinnasto &rarr;","og_url":"https:\/\/kotirannantyovaentalo.fi\/index.php\/hinnasto\/","og_site_name":"Kotirannan Ty\u00f6v\u00e4entalo","article_modified_time":"2025-02-05T16:44:49+00:00","twitter_card":"summary_large_image","twitter_misc":{"Arvioitu lukuaika":"1 minuutti"},"schema":{"@context":"https:\/\/schema.org","@graph":[{"@type":"WebPage","@id":"https:\/\/kotirannantyovaentalo.fi\/index.php\/hinnasto\/","url":"https:\/\/kotirannantyovaentalo.fi\/index.php\/hinnasto\/","name":"Hinnasto - Kotirannan Ty\u00f6v\u00e4entalo","isPartOf":{"@id":"https:\/\/kotirannantyovaentalo.fi\/#website"},"datePublished":"2021-08-26T10:41:26+00:00","dateModified":"2025-02-05T16:44:49+00:00","breadcrumb":{"@id":"https:\/\/kotirannantyovaentalo.fi\/index.php\/hinnasto\/#breadcrumb"},"inLanguage":"fi","potentialAction":[{"@type":"ReadAction","target":["https:\/\/kotirannantyovaentalo.fi\/index.php\/hinnasto\/"]}]},{"@type":"BreadcrumbList","@id":"https:\/\/kotirannantyovaentalo.fi\/index.php\/hinnasto\/#breadcrumb","itemListElement":[{"@type":"ListItem","position":1,"name":"Home","item":"https:\/\/kotirannantyovaentalo.fi\/"},{"@type":"ListItem","position":2,"name":"Hinnasto"}]},{"@type":"WebSite","@id":"https:\/\/kotirannantyovaentalo.fi\/#website","url":"https:\/\/kotirannantyovaentalo.fi\/","name":"Kotirannan Ty\u00f6v\u00e4entalo","description":"Vuodesta 1947","potentialAction":[{"@type":"SearchAction","target":{"@type":"EntryPoint","urlTemplate":"https:\/\/kotirannantyovaentalo.fi\/?s={search_term_string}"},"query-input":{"@type":"PropertyValueSpecification","valueRequired":true,"valueName":"search_term_string"}}],"inLanguage":"fi"}]}},"jetpack_sharing_enabled":true,"_links":{"self":[{"href":"https:\/\/kotirannantyovaentalo.fi\/index.php\/wp-json\/wp\/v2\/pages\/20","targetHints":{"allow":["GET"]}}],"collection":[{"href":"https:\/\/kotirannantyovaentalo.fi\/index.php\/wp-json\/wp\/v2\/pages"}],"about":[{"href":"https:\/\/kotirannantyovaentalo.fi\/index.php\/wp-json\/wp\/v2\/types\/page"}],"author":[{"embeddable":true,"href":"https:\/\/kotirannantyovaentalo.fi\/index.php\/wp-json\/wp\/v2\/users\/1"}],"replies":[{"embeddable":true,"href":"https:\/\/kotirannantyovaentalo.fi\/index.php\/wp-json\/wp\/v2\/comments?post=20"}],"version-history":[{"count":8,"href":"https:\/\/kotirannantyovaentalo.fi\/index.php\/wp-json\/wp\/v2\/pages\/20\/revisions"}],"predecessor-version":[{"id":177,"href":"https:\/\/kotirannantyovaentalo.fi\/index.php\/wp-json\/wp\/v2\/pages\/20\/revisions\/177"}],"wp:attachment":[{"href":"https:\/\/kotirannantyovaentalo.fi\/index.php\/wp-json\/wp\/v2\/media?parent=20"}],"curies":[{"name":"wp","href":"https:\/\/api.w.org\/{rel}","templated":true}]}}