{"id":2,"date":"2021-08-15T16:04:45","date_gmt":"2021-08-15T16:04:45","guid":{"rendered":"https:\/\/kotirannantyovaentalo.fi\/?page_id=2"},"modified":"2026-03-26T08:34:44","modified_gmt":"2026-03-26T06:34:44","slug":"sample-page","status":"publish","type":"page","link":"https:\/\/kotirannantyovaentalo.fi\/","title":{"rendered":"Etusivu"},"content":{"rendered":"\n<p>Tervetuloa Kotirannan Ty\u00f6v\u00e4entalon nettisivuille. <\/p>\n\n\n\n<p><strong>Tiedustelut ja varaukset<\/strong> puhelimeen mielell\u00e4\u00e4n iltaisin: <strong>050 300 1644<\/strong> (puhelu siirtyy vahtimestarin puhelimeen, odota vastausta), tai talonmies@kotirannantyovaentalo.fi . Lopullinen sopimus tehd\u00e4\u00e4n paikanp\u00e4\u00e4ll\u00e4 tai puhelimella. <\/p>\n\n\n\n<p><strong>Vanha lankapuhelin 06 alkuinen on poistettu k\u00e4yt\u00f6st\u00e4<\/strong>, yll\u00e4 olevasta numerosta saa vahtimestarin kiinni.<\/p>\n\n\n\n<p>Talolla pidet\u00e4\u00e4n talkoot joka kuukauden 1. keskiviikko klo 11 alkaen. Tule mukaan pit\u00e4m\u00e4\u00e4n taloa ja piha-aluetta kunnossa ja kahvittelemaan kanssamme.<\/p>\n\n\n\n<figure class=\"wp-block-image size-large\"><img data-recalc-dims=\"1\" loading=\"lazy\" decoding=\"async\" width=\"604\" height=\"403\" src=\"https:\/\/i0.wp.com\/kotirannantyovaentalo.fi\/wp-content\/uploads\/2021\/10\/Lokakuu-2017.jpg?resize=604%2C403&#038;ssl=1\" alt=\"kotirannanty\u00f6v\u00e4entalo\" class=\"wp-image-55\" srcset=\"https:\/\/i0.wp.com\/kotirannantyovaentalo.fi\/wp-content\/uploads\/2021\/10\/Lokakuu-2017-scaled.jpg?resize=1024%2C683&amp;ssl=1 1024w, https:\/\/i0.wp.com\/kotirannantyovaentalo.fi\/wp-content\/uploads\/2021\/10\/Lokakuu-2017-scaled.jpg?resize=300%2C200&amp;ssl=1 300w, https:\/\/i0.wp.com\/kotirannantyovaentalo.fi\/wp-content\/uploads\/2021\/10\/Lokakuu-2017-scaled.jpg?resize=768%2C512&amp;ssl=1 768w, https:\/\/i0.wp.com\/kotirannantyovaentalo.fi\/wp-content\/uploads\/2021\/10\/Lokakuu-2017-scaled.jpg?resize=1536%2C1024&amp;ssl=1 1536w, https:\/\/i0.wp.com\/kotirannantyovaentalo.fi\/wp-content\/uploads\/2021\/10\/Lokakuu-2017-scaled.jpg?resize=2048%2C1365&amp;ssl=1 2048w, https:\/\/i0.wp.com\/kotirannantyovaentalo.fi\/wp-content\/uploads\/2021\/10\/Lokakuu-2017-scaled.jpg?w=1208&amp;ssl=1 1208w, https:\/\/i0.wp.com\/kotirannantyovaentalo.fi\/wp-content\/uploads\/2021\/10\/Lokakuu-2017-scaled.jpg?w=1812&amp;ssl=1 1812w\" sizes=\"auto, (max-width: 604px) 100vw, 604px\" \/><\/figure>\n\n\n\n<p class=\"has-text-align-center\"><\/p>\n\n\n\n<h2 class=\"wp-block-heading\"><strong>Tietoa talosta<\/strong><\/h2>\n\n\n\n<p><strong>Salissa<\/strong> on tuoleja n. 150, p\u00f6yti\u00e4 20 kpl. Ruokailijapaikkoja 100 &#8211; 120 henk.<\/p>\n\n\n\n<p><strong>Kerhohuone<\/strong> erikseen, jossa pienemm\u00e4t kokoukset ja palaverit alle 20 hengelle. Kerhohuoneessa on 2 n\u00e4ytt\u00f6taula. Kokouksiin voi tilata kahvituksen.<\/p>\n\n\n\n<p><strong>Saunaosasto<\/strong> kellarissa, tilattavissa n. 10 henkil\u00f6\u00e4<\/p>\n\n\n\n<p><strong>Taloa vuokrat<\/strong><strong>aan<\/strong> erilaisiin tapahtumiin. Juhliin, kokouksiin, muistotilaisuuksiin, tiedotustilaisuuksiin, myyntitilaisuuksiin, kirppareihin ja huutokauppoihin.<\/p>\n\n\n\n<p>Lanit-tapahtumiin nopea valokuitunetti<\/p>\n\n\n\n<p><strong>Juhlasalin <\/strong><strong>lis\u00e4<\/strong><strong>varustus: <\/strong>\u00c4\u00e4nentoisto\/ mikserip\u00f6yt\u00e4, iso taulutv ja videotykki. S\u00e4hk\u00f6piano vuokrattavissa. Talossa langaton nopea nettiyhteys ja kaapeli TV.<\/p>\n\n\n\n<p><strong>Keitti\u00f6n varustus<\/strong>: Astiastot n. sadalle hengelle, liesi, 3 j\u00e4\u00e4kaappia, pakastin, kahvinkeittimet, vedenkeitin, sek\u00e4 laitostason astianpesukone.<\/p>\n\n\n\n<p><strong>Kahviossa<\/strong> 30 istumapaikkaa, tarjoilutiski ja kylm\u00e4kaappi juomille.<\/p>\n\n\n\n<p><strong>Terassi<\/strong> sis\u00e4\u00e4ntulon yhteydess\u00e4<\/p>\n\n\n\n<p><strong>P-alue<\/strong> sis\u00e4pihalla<\/p>\n\n\n\n<p><\/p>\n\n\n\n<p><\/p>\n\n\n\n<p><\/p>\n","protected":false},"excerpt":{"rendered":"<p>Tervetuloa Kotirannan Ty\u00f6v\u00e4entalon nettisivuille. Tiedustelut ja varaukset puhelimeen mielell\u00e4\u00e4n iltaisin: 050 300 1644 (puhelu siirtyy vahtimestarin puhelimeen, odota vastausta), tai talonmies@kotirannantyovaentalo.fi . Lopullinen sopimus tehd\u00e4\u00e4n paikanp\u00e4\u00e4ll\u00e4 tai puhelimella. Vanha lankapuhelin 06 alkuinen on poistettu k\u00e4yt\u00f6st\u00e4, yll\u00e4 olevasta numerosta saa vahtimestarin kiinni. Talolla pidet\u00e4\u00e4n talkoot joka kuukauden 1. keskiviikko klo 11 alkaen. Tule mukaan pit\u00e4m\u00e4\u00e4n taloa &hellip; <a href=\"https:\/\/kotirannantyovaentalo.fi\/\" class=\"more-link\">Jatka lukemista <span class=\"screen-reader-text\">Etusivu<\/span> <span class=\"meta-nav\">&rarr;<\/span><\/a><\/p>\n","protected":false},"author":1,"featured_media":0,"parent":0,"menu_order":0,"comment_status":"closed","ping_status":"open","template":"","meta":{"footnotes":""},"class_list":["post-2","page","type-page","status-publish","hentry"],"yoast_head":"<!-- This site is optimized with the Yoast SEO plugin v27.4 - https:\/\/yoast.com\/product\/yoast-seo-wordpress\/ -->\n<title>Etusivu - Kotirannan Ty\u00f6v\u00e4entalo<\/title>\n<meta name=\"robots\" content=\"index, follow, max-snippet:-1, max-image-preview:large, max-video-preview:-1\" \/>\n<link rel=\"canonical\" href=\"https:\/\/kotirannantyovaentalo.fi\/\" \/>\n<meta property=\"og:locale\" content=\"fi_FI\" \/>\n<meta property=\"og:type\" content=\"article\" \/>\n<meta property=\"og:title\" content=\"Etusivu - Kotirannan Ty\u00f6v\u00e4entalo\" \/>\n<meta property=\"og:description\" content=\"Tervetuloa Kotirannan Ty\u00f6v\u00e4entalon nettisivuille. Tiedustelut ja varaukset puhelimeen mielell\u00e4\u00e4n iltaisin: 050 300 1644 (puhelu siirtyy vahtimestarin puhelimeen, odota vastausta), tai talonmies@kotirannantyovaentalo.fi . Lopullinen sopimus tehd\u00e4\u00e4n paikanp\u00e4\u00e4ll\u00e4 tai puhelimella. Vanha lankapuhelin 06 alkuinen on poistettu k\u00e4yt\u00f6st\u00e4, yll\u00e4 olevasta numerosta saa vahtimestarin kiinni. Talolla pidet\u00e4\u00e4n talkoot joka kuukauden 1. keskiviikko klo 11 alkaen. Tule mukaan pit\u00e4m\u00e4\u00e4n taloa &hellip; Jatka lukemista Etusivu &rarr;\" \/>\n<meta property=\"og:url\" content=\"https:\/\/kotirannantyovaentalo.fi\/\" \/>\n<meta property=\"og:site_name\" content=\"Kotirannan Ty\u00f6v\u00e4entalo\" \/>\n<meta property=\"article:modified_time\" content=\"2026-03-26T06:34:44+00:00\" \/>\n<meta property=\"og:image\" content=\"https:\/\/kotirannantyovaentalo.fi\/wp-content\/uploads\/2021\/10\/Lokakuu-2017-1024x683.jpg\" \/>\n<meta name=\"twitter:card\" content=\"summary_large_image\" \/>\n<meta name=\"twitter:label1\" content=\"Arvioitu lukuaika\" \/>\n\t<meta name=\"twitter:data1\" content=\"2 minuuttia\" \/>\n<script type=\"application\/ld+json\" class=\"yoast-schema-graph\">{\"@context\":\"https:\\\/\\\/schema.org\",\"@graph\":[{\"@type\":\"WebPage\",\"@id\":\"https:\\\/\\\/kotirannantyovaentalo.fi\\\/\",\"url\":\"https:\\\/\\\/kotirannantyovaentalo.fi\\\/\",\"name\":\"Etusivu - Kotirannan Ty\u00f6v\u00e4entalo\",\"isPartOf\":{\"@id\":\"https:\\\/\\\/kotirannantyovaentalo.fi\\\/#website\"},\"primaryImageOfPage\":{\"@id\":\"https:\\\/\\\/kotirannantyovaentalo.fi\\\/#primaryimage\"},\"image\":{\"@id\":\"https:\\\/\\\/kotirannantyovaentalo.fi\\\/#primaryimage\"},\"thumbnailUrl\":\"https:\\\/\\\/kotirannantyovaentalo.fi\\\/wp-content\\\/uploads\\\/2021\\\/10\\\/Lokakuu-2017-1024x683.jpg\",\"datePublished\":\"2021-08-15T16:04:45+00:00\",\"dateModified\":\"2026-03-26T06:34:44+00:00\",\"breadcrumb\":{\"@id\":\"https:\\\/\\\/kotirannantyovaentalo.fi\\\/#breadcrumb\"},\"inLanguage\":\"fi\",\"potentialAction\":[{\"@type\":\"ReadAction\",\"target\":[\"https:\\\/\\\/kotirannantyovaentalo.fi\\\/\"]}]},{\"@type\":\"ImageObject\",\"inLanguage\":\"fi\",\"@id\":\"https:\\\/\\\/kotirannantyovaentalo.fi\\\/#primaryimage\",\"url\":\"https:\\\/\\\/i0.wp.com\\\/kotirannantyovaentalo.fi\\\/wp-content\\\/uploads\\\/2021\\\/10\\\/Lokakuu-2017-scaled.jpg?fit=2560%2C1707&ssl=1\",\"contentUrl\":\"https:\\\/\\\/i0.wp.com\\\/kotirannantyovaentalo.fi\\\/wp-content\\\/uploads\\\/2021\\\/10\\\/Lokakuu-2017-scaled.jpg?fit=2560%2C1707&ssl=1\",\"width\":2560,\"height\":1707,\"caption\":\"kotirannanty\u00f6v\u00e4entalo\"},{\"@type\":\"BreadcrumbList\",\"@id\":\"https:\\\/\\\/kotirannantyovaentalo.fi\\\/#breadcrumb\",\"itemListElement\":[{\"@type\":\"ListItem\",\"position\":1,\"name\":\"Home\",\"item\":\"https:\\\/\\\/kotirannantyovaentalo.fi\\\/\"},{\"@type\":\"ListItem\",\"position\":2,\"name\":\"Etusivu\"}]},{\"@type\":\"WebSite\",\"@id\":\"https:\\\/\\\/kotirannantyovaentalo.fi\\\/#website\",\"url\":\"https:\\\/\\\/kotirannantyovaentalo.fi\\\/\",\"name\":\"Kotirannan Ty\u00f6v\u00e4entalo\",\"description\":\"Vuodesta 1947\",\"potentialAction\":[{\"@type\":\"SearchAction\",\"target\":{\"@type\":\"EntryPoint\",\"urlTemplate\":\"https:\\\/\\\/kotirannantyovaentalo.fi\\\/?s={search_term_string}\"},\"query-input\":{\"@type\":\"PropertyValueSpecification\",\"valueRequired\":true,\"valueName\":\"search_term_string\"}}],\"inLanguage\":\"fi\"}]}<\/script>\n<!-- \/ Yoast SEO plugin. -->","yoast_head_json":{"title":"Etusivu - Kotirannan Ty\u00f6v\u00e4entalo","robots":{"index":"index","follow":"follow","max-snippet":"max-snippet:-1","max-image-preview":"max-image-preview:large","max-video-preview":"max-video-preview:-1"},"canonical":"https:\/\/kotirannantyovaentalo.fi\/","og_locale":"fi_FI","og_type":"article","og_title":"Etusivu - Kotirannan Ty\u00f6v\u00e4entalo","og_description":"Tervetuloa Kotirannan Ty\u00f6v\u00e4entalon nettisivuille. Tiedustelut ja varaukset puhelimeen mielell\u00e4\u00e4n iltaisin: 050 300 1644 (puhelu siirtyy vahtimestarin puhelimeen, odota vastausta), tai talonmies@kotirannantyovaentalo.fi . Lopullinen sopimus tehd\u00e4\u00e4n paikanp\u00e4\u00e4ll\u00e4 tai puhelimella. Vanha lankapuhelin 06 alkuinen on poistettu k\u00e4yt\u00f6st\u00e4, yll\u00e4 olevasta numerosta saa vahtimestarin kiinni. Talolla pidet\u00e4\u00e4n talkoot joka kuukauden 1. keskiviikko klo 11 alkaen. Tule mukaan pit\u00e4m\u00e4\u00e4n taloa &hellip; Jatka lukemista Etusivu &rarr;","og_url":"https:\/\/kotirannantyovaentalo.fi\/","og_site_name":"Kotirannan Ty\u00f6v\u00e4entalo","article_modified_time":"2026-03-26T06:34:44+00:00","og_image":[{"url":"https:\/\/kotirannantyovaentalo.fi\/wp-content\/uploads\/2021\/10\/Lokakuu-2017-1024x683.jpg","type":"","width":"","height":""}],"twitter_card":"summary_large_image","twitter_misc":{"Arvioitu lukuaika":"2 minuuttia"},"schema":{"@context":"https:\/\/schema.org","@graph":[{"@type":"WebPage","@id":"https:\/\/kotirannantyovaentalo.fi\/","url":"https:\/\/kotirannantyovaentalo.fi\/","name":"Etusivu - Kotirannan Ty\u00f6v\u00e4entalo","isPartOf":{"@id":"https:\/\/kotirannantyovaentalo.fi\/#website"},"primaryImageOfPage":{"@id":"https:\/\/kotirannantyovaentalo.fi\/#primaryimage"},"image":{"@id":"https:\/\/kotirannantyovaentalo.fi\/#primaryimage"},"thumbnailUrl":"https:\/\/kotirannantyovaentalo.fi\/wp-content\/uploads\/2021\/10\/Lokakuu-2017-1024x683.jpg","datePublished":"2021-08-15T16:04:45+00:00","dateModified":"2026-03-26T06:34:44+00:00","breadcrumb":{"@id":"https:\/\/kotirannantyovaentalo.fi\/#breadcrumb"},"inLanguage":"fi","potentialAction":[{"@type":"ReadAction","target":["https:\/\/kotirannantyovaentalo.fi\/"]}]},{"@type":"ImageObject","inLanguage":"fi","@id":"https:\/\/kotirannantyovaentalo.fi\/#primaryimage","url":"https:\/\/i0.wp.com\/kotirannantyovaentalo.fi\/wp-content\/uploads\/2021\/10\/Lokakuu-2017-scaled.jpg?fit=2560%2C1707&ssl=1","contentUrl":"https:\/\/i0.wp.com\/kotirannantyovaentalo.fi\/wp-content\/uploads\/2021\/10\/Lokakuu-2017-scaled.jpg?fit=2560%2C1707&ssl=1","width":2560,"height":1707,"caption":"kotirannanty\u00f6v\u00e4entalo"},{"@type":"BreadcrumbList","@id":"https:\/\/kotirannantyovaentalo.fi\/#breadcrumb","itemListElement":[{"@type":"ListItem","position":1,"name":"Home","item":"https:\/\/kotirannantyovaentalo.fi\/"},{"@type":"ListItem","position":2,"name":"Etusivu"}]},{"@type":"WebSite","@id":"https:\/\/kotirannantyovaentalo.fi\/#website","url":"https:\/\/kotirannantyovaentalo.fi\/","name":"Kotirannan Ty\u00f6v\u00e4entalo","description":"Vuodesta 1947","potentialAction":[{"@type":"SearchAction","target":{"@type":"EntryPoint","urlTemplate":"https:\/\/kotirannantyovaentalo.fi\/?s={search_term_string}"},"query-input":{"@type":"PropertyValueSpecification","valueRequired":true,"valueName":"search_term_string"}}],"inLanguage":"fi"}]}},"jetpack_sharing_enabled":true,"_links":{"self":[{"href":"https:\/\/kotirannantyovaentalo.fi\/index.php\/wp-json\/wp\/v2\/pages\/2","targetHints":{"allow":["GET"]}}],"collection":[{"href":"https:\/\/kotirannantyovaentalo.fi\/index.php\/wp-json\/wp\/v2\/pages"}],"about":[{"href":"https:\/\/kotirannantyovaentalo.fi\/index.php\/wp-json\/wp\/v2\/types\/page"}],"author":[{"embeddable":true,"href":"https:\/\/kotirannantyovaentalo.fi\/index.php\/wp-json\/wp\/v2\/users\/1"}],"replies":[{"embeddable":true,"href":"https:\/\/kotirannantyovaentalo.fi\/index.php\/wp-json\/wp\/v2\/comments?post=2"}],"version-history":[{"count":41,"href":"https:\/\/kotirannantyovaentalo.fi\/index.php\/wp-json\/wp\/v2\/pages\/2\/revisions"}],"predecessor-version":[{"id":238,"href":"https:\/\/kotirannantyovaentalo.fi\/index.php\/wp-json\/wp\/v2\/pages\/2\/revisions\/238"}],"wp:attachment":[{"href":"https:\/\/kotirannantyovaentalo.fi\/index.php\/wp-json\/wp\/v2\/media?parent=2"}],"curies":[{"name":"wp","href":"https:\/\/api.w.org\/{rel}","templated":true}]}}